{"id":872,"date":"2015-01-30T08:37:00","date_gmt":"2015-01-30T08:37:00","guid":{"rendered":"http:\/\/www.decobis.com\/?page_id=872"},"modified":"2015-07-07T11:21:23","modified_gmt":"2015-07-07T11:21:23","slug":"produits","status":"publish","type":"page","link":"https:\/\/www.decobis.com\/fr\/produits\/","title":{"rendered":"PRODUITS"},"content":{"rendered":"\n\t\t\t<section class=\"page-content\">\n\t\t\t\t\n\n\t\t\t<div class=\"container\">\n\t\t\t\t\n\n\t\t\t<div class=\"row\">\n\t\t\t\t\n\n\t\t\t<div class=\"grid_6\">\n\t\t\t\t\n\n\t\t<div class=\"th_image\">\n\t\t\t<img src=\"http:\/\/www.decobis.com\/wp-content\/uploads\/herramientas_corte.jpg\" alt=\"img\"\/>\n\t\t<\/div>\n\t\t\n\t\t\n\t\t\n\t\t\n\t\t\n\t\t\t\t\n\n\t\t\t<\/div>\n\t\t\n\n\t\t\t<div class=\"grid_6\">\n\t\t\t\t\n\n\t\t\t\t<h3>OUTILS DE COUPE<\/h3>\n\t\t\t\t<p>\n<p>Plus de 30 ann\u00e9es de fabrication d\u2019outils de coupe aux qualit\u00e9s 1.3243, 1.3247 et ASP2060\u00ae. Nous fabriquons des mesures standard selon la r\u00e9gulation DIN 4964 et trap\u00e9zo\u00efdales L-1 et L-2.<br \/>\nNous sommes sp\u00e9cialis\u00e9es en la production d\u2019outils et coupants d\u2019apr\u00e8s le plan du client.<\/p>\n<\/p>\n\t\t\t\t\n\t\t\t\n&nbsp;<br \/>\n&nbsp;<br \/>\n\n\t\t\n\t\t\t<section class=\"note style-2 clearfix\">\n            <div class=\"icon\">\n            <i class=\"icon-screen\"><\/i>\n            <\/div>\n\t\t\t<div class=\"text\">\n            <h3>cat\u00e1logo online<\/h3>\n            <span>\n                Appuyez sur VOIR pour t\u00e9l\u00e9charger notre catalogue complet en ligne                    \n            <\/span>\n            <\/div>\n\n\t\t\t<a href=\"http:\/\/www.decobis.com\/catalogo_2015\/\" class=\"btn-big\">VOIR<\/a>\n\n           <div class=\"clearfix\"><\/div>\n           <\/section>\n        \n\t\t\n\n\t\t\t<\/div>\n\t\t\n\n\t\t\t<\/div>\n\t\t\n\n\t\t\t<\/div>\n\t\t\n\n\t\t\t<\/section>\n\t\t\n","protected":false},"excerpt":{"rendered":"","protected":false},"author":1,"featured_media":1287,"parent":0,"menu_order":0,"comment_status":"closed","ping_status":"closed","template":"","meta":[],"_links":{"self":[{"href":"https:\/\/www.decobis.com\/fr\/wp-json\/wp\/v2\/pages\/872"}],"collection":[{"href":"https:\/\/www.decobis.com\/fr\/wp-json\/wp\/v2\/pages"}],"about":[{"href":"https:\/\/www.decobis.com\/fr\/wp-json\/wp\/v2\/types\/page"}],"author":[{"embeddable":true,"href":"https:\/\/www.decobis.com\/fr\/wp-json\/wp\/v2\/users\/1"}],"replies":[{"embeddable":true,"href":"https:\/\/www.decobis.com\/fr\/wp-json\/wp\/v2\/comments?post=872"}],"version-history":[{"count":1,"href":"https:\/\/www.decobis.com\/fr\/wp-json\/wp\/v2\/pages\/872\/revisions"}],"predecessor-version":[{"id":873,"href":"https:\/\/www.decobis.com\/fr\/wp-json\/wp\/v2\/pages\/872\/revisions\/873"}],"wp:featuredmedia":[{"embeddable":true,"href":"https:\/\/www.decobis.com\/fr\/wp-json\/wp\/v2\/media\/1287"}],"wp:attachment":[{"href":"https:\/\/www.decobis.com\/fr\/wp-json\/wp\/v2\/media?parent=872"}],"curies":[{"name":"wp","href":"https:\/\/api.w.org\/{rel}","templated":true}]}}