{"id":870,"date":"2015-01-30T08:29:54","date_gmt":"2015-01-30T08:29:54","guid":{"rendered":"http:\/\/www.decobis.com\/?page_id=870"},"modified":"2015-07-07T11:25:26","modified_gmt":"2015-07-07T11:25:26","slug":"produit","status":"publish","type":"page","link":"https:\/\/www.decobis.com\/fr\/produit\/","title":{"rendered":"PRODUIT"},"content":{"rendered":"\n\t\t\t<section class=\"page-content\">\n\t\t\t\t\n\n\t\t\t<div class=\"container\">\n\t\t\t\t\n\n\t\t\t<div class=\"row\">\n\t\t\t\t\n\n\t\t\t<div class=\"grid_6\">\n\t\t\t\t\n<span class=\"marro\"><img src=\"wp-content\/uploads\/untitled.png\">\n\t\t<h3>D\u00c9COLLETAGE<\/h3>\n\t\t<section class=\"accordion\">\n\t\t<\/span><br \/>\nFabrication de petites et moyennes s\u00e9ries de pi\u00e8ces de grande pr\u00e9cision de tout type de mat\u00e9riau de d\u00e9colletage comme le laiton, l\u2019aluminium, inoxydables et aciers de d\u00e9colletage ou au carbone\u2026<\/p>\n<p style=\"text-align: left;\"><span style=\"text-decoration: underline; color: #808080;\"><a style=\"color: #808080; text-decoration: underline;\" href=\"https:\/\/www.decobis.com\/decoletaje\/\" target=\"_blank\">SAVOIR PLUS<\/a><\/span><\/p>\n\n\t\t<\/section>\n\t\t\n\t\t\n\t\t\n\t\t\n\t\t\t\t\n\n\t\t\t<\/div>\n\t\t\n\n\t\t\t<div class=\"grid_6\">\n\t\t\t\t\n<span class=\"marro\"><img src=\"wp-content\/uploads\/untitled1.png\">\n\t\t<h3>OUTILS DE COUPE<\/h3>\n\t\t<section class=\"accordion\">\n\t\t<\/span><br \/>\nPlus de 30 ann\u00e9es de fabrication d\u2019outils de coupe aux qualit\u00e9s 1.3243, 1.3247 et ASP2060\u00ae. Nous fabriquons des mesures standard selon la r\u00e9gulation DIN 4964\u2026<\/p>\n<p style=\"text-align: left;\"><span style=\"text-decoration: underline; color: #808080;\"><a style=\"color: #808080; text-decoration: underline;\" href=\"https:\/\/www.decobis.com\/herramientas-de-corte\/\" target=\"_blank\">SAVOIR PLUS<\/a><\/span><\/p>\n\n\t\t<\/section>\n\t\t\n\t\t\n\t\t\n\t\t\n\t\t\t\t\n\n\t\t\t<\/div>\n\t\t\n\n\t\t\t<\/div>\n\t\t\n\n\t\t\t<\/div>\n\t\t\n\n\t\t\t<\/section>\n\t\t\n","protected":false},"excerpt":{"rendered":"","protected":false},"author":1,"featured_media":0,"parent":0,"menu_order":0,"comment_status":"closed","ping_status":"closed","template":"","meta":[],"_links":{"self":[{"href":"https:\/\/www.decobis.com\/fr\/wp-json\/wp\/v2\/pages\/870"}],"collection":[{"href":"https:\/\/www.decobis.com\/fr\/wp-json\/wp\/v2\/pages"}],"about":[{"href":"https:\/\/www.decobis.com\/fr\/wp-json\/wp\/v2\/types\/page"}],"author":[{"embeddable":true,"href":"https:\/\/www.decobis.com\/fr\/wp-json\/wp\/v2\/users\/1"}],"replies":[{"embeddable":true,"href":"https:\/\/www.decobis.com\/fr\/wp-json\/wp\/v2\/comments?post=870"}],"version-history":[{"count":1,"href":"https:\/\/www.decobis.com\/fr\/wp-json\/wp\/v2\/pages\/870\/revisions"}],"predecessor-version":[{"id":871,"href":"https:\/\/www.decobis.com\/fr\/wp-json\/wp\/v2\/pages\/870\/revisions\/871"}],"wp:attachment":[{"href":"https:\/\/www.decobis.com\/fr\/wp-json\/wp\/v2\/media?parent=870"}],"curies":[{"name":"wp","href":"https:\/\/api.w.org\/{rel}","templated":true}]}}