{"id":867,"date":"2015-01-29T12:52:18","date_gmt":"2015-01-29T12:52:18","guid":{"rendered":"http:\/\/www.decobis.com\/?page_id=867"},"modified":"2025-02-20T15:48:05","modified_gmt":"2025-02-20T15:48:05","slug":"qualite","status":"publish","type":"page","link":"https:\/\/www.decobis.com\/fr\/qualite\/","title":{"rendered":"Qualit\u00e9"},"content":{"rendered":"\n\t\t\t<section class=\"page-content\">\n\t\t\t\t\n\n\t\t\t<div class=\"container\">\n\t\t\t\t\n\n\t\t\t<div class=\"row\">\n\t\t\t\t\n\n\t\t\t<div class=\"grid_6\">\n\t\t\t\t\n\n\t\t<div class=\"th_image\">\n\t\t\t<img src=\"http:\/\/www.decobis.com\/wp-content\/uploads\/apppluscert2019.jpg\" alt=\"img\"\/>\n\t\t<\/div>\n\t\t\n\t\t\n\t\t\n\t\t\n\t\t\n\t\t\t\t\n\n\t\t\t<\/div>\n\t\t\n\n\t\t\t<div class=\"grid_6\">\n\t\t\t\t\n\n\t\t\t\t<h3>Certifications ISO<\/h3>\n\t\t\t\t<p>\n<p>Depuis 2002, nous sommes certifi\u00e9s selon la r\u00e9glementation ISO 9001:2000.<br \/>\nNous consid\u00e9rons que la qualit\u00e9 est un outil de la comp\u00e9titivit\u00e9 de notre entreprise.<\/p>\n<p><span style=\"text-decoration: underline;\"><strong><span style=\"color: #993300;\"><a style=\"color: #993300; text-decoration: underline;\" title=\"ISO\" href=\"http:\/\/www.decobis.com\/wp-content\/uploads\/AENOR-ER-07282018-05-12-2024-ES-03-12-2024-.pdf\" target=\"_blank\" rel=\"noopener\">T\u00e9l\u00e9chargez notre certification ISO: AENOR<\/a><\/span><br \/>\n<span style=\"text-decoration: underline;\"><strong><span style=\"color: #993300;\"><a style=\"color: #993300; text-decoration: underline;\" title=\"ISO\" href=\"http:\/\/www.decobis.com\/wp-content\/uploads\/IQNET-ES-07282018-05-12-2024-EN-03-12-2024-.pdf\" target=\"_blank\" rel=\"noopener\">T\u00e9l\u00e9chargez notre certification ISO: IQNET<\/a><\/span><br \/>\n<\/strong><\/span><\/strong><\/span><\/p>\n<\/p>\n\t\t\t\t\n\t\t\t\n\n\t\t\t<\/div>\n\t\t\n\n\t\t\t<\/div>\n\t\t\n\n\t\t\t<\/div>\n\t\t\n\n\t\t\t<\/section>\n\t\t\n","protected":false},"excerpt":{"rendered":"","protected":false},"author":1,"featured_media":0,"parent":0,"menu_order":0,"comment_status":"open","ping_status":"open","template":"","meta":[],"_links":{"self":[{"href":"https:\/\/www.decobis.com\/fr\/wp-json\/wp\/v2\/pages\/867"}],"collection":[{"href":"https:\/\/www.decobis.com\/fr\/wp-json\/wp\/v2\/pages"}],"about":[{"href":"https:\/\/www.decobis.com\/fr\/wp-json\/wp\/v2\/types\/page"}],"author":[{"embeddable":true,"href":"https:\/\/www.decobis.com\/fr\/wp-json\/wp\/v2\/users\/1"}],"replies":[{"embeddable":true,"href":"https:\/\/www.decobis.com\/fr\/wp-json\/wp\/v2\/comments?post=867"}],"version-history":[{"count":5,"href":"https:\/\/www.decobis.com\/fr\/wp-json\/wp\/v2\/pages\/867\/revisions"}],"predecessor-version":[{"id":1457,"href":"https:\/\/www.decobis.com\/fr\/wp-json\/wp\/v2\/pages\/867\/revisions\/1457"}],"wp:attachment":[{"href":"https:\/\/www.decobis.com\/fr\/wp-json\/wp\/v2\/media?parent=867"}],"curies":[{"name":"wp","href":"https:\/\/api.w.org\/{rel}","templated":true}]}}