{"id":863,"date":"2015-01-29T12:44:05","date_gmt":"2015-01-29T12:44:05","guid":{"rendered":"http:\/\/www.decobis.com\/?page_id=863"},"modified":"2025-02-20T15:46:39","modified_gmt":"2025-02-20T15:46:39","slug":"home-3","status":"publish","type":"page","link":"https:\/\/www.decobis.com\/fr\/","title":{"rendered":"Home"},"content":{"rendered":"<div class=\"marbot40\">\n\n\t\t\t<section class=\"page-content\">\n\t\t\t\t\n\n\t\t\t<div class=\"container\">\n\t\t\t\t\n\n\t\t\t<div class=\"row\">\n\t\t\t\t\n\n\t\t\t<div class=\"grid_6\">\n\t\t\t\t\n<span class=\"marro\"><img src=\"http:\/\/www.decobis.com\/wp-content\/uploads\/untitled.png\">\n\t\t<h3>d\u00e9colletage<\/h3>\n\t\t<section class=\"accordion\">\n\t\t<\/span><br \/>\nFabrication de petites et moyennes s\u00e9ries de pi\u00e8ces de grande pr\u00e9cision de tout type de mat\u00e9riau de d\u00e9colletage comme le laiton, l&rsquo;aluminium, inoxydables et aciers de d\u00e9colletage ou au carbone\u2026<\/p>\n<p style=\"text-align: left;\"><span style=\"text-decoration: underline; color: #808080;\"><a style=\"color: #808080; text-decoration: underline;\" href=\"https:\/\/www.decobis.com\/decoletaje\/\">EN SAVOIR PLUS<\/a><\/span><\/p>\n\n\t\t<\/section>\n\t\t\n\t\t\n\t\t\n\t\t\n\t\t\t\t\n\n\t\t\t<\/div>\n\t\t\n\n\t\t\t<div class=\"grid_6\">\n\t\t\t\t\n<span class=\"marro\"><img src=\"http:\/\/www.decobis.com\/wp-content\/uploads\/untitled1.png\">\n\t\t<h3>Outils de coupe<\/h3>\n\t\t<section class=\"accordion\">\n\t\t<\/span><br \/>\nPlus de 30 ann\u00e9es de fabrication d&rsquo;outils de coupe aux qualit\u00e9s 1.3243, 1.3247 et ASP2060\u00ae. Nous fabriquons des mesures standard selon la r\u00e9gulation DIN 4964\u2026<\/p>\n<p style=\"text-align: left;\"><span style=\"text-decoration: underline; color: #808080;\"><a style=\"color: #808080; text-decoration: underline;\" href=\"https:\/\/www.decobis.com\/herramientas-de-corte\/\">EN SAVOIR PLUS<\/a><\/span><\/p>\n\n\t\t<\/section>\n\t\t\n\t\t\n\t\t\n\t\t\n\t\t\t\t\n\n\t\t\t<\/div>\n\t\t\n\n\t\t\t<\/div>\n\t\t\n\n\t\t\t<\/div>\n\t\t\n\n\t\t\t<\/section>\n\t\t\n<\/p><\/div>\n<p>&nbsp;<\/p>\n\n\t\t\t<section class=\"page-content colored\">\n\t\t\t\t\n\n\t\t\t<div class=\"container\">\n\t\t\t\t\n\n\t\t\t<div class=\"row\">\n\t\t\t\t\n\n\t\t\t<div class=\"grid_6\">\n\t\t\t\t\n\n\t\t<div class=\"th_image\">\n\t\t\t<img src=\"http:\/\/www.decobis.com\/wp-content\/uploads\/empresa-decobis.jpg\" alt=\"img\"\/>\n\t\t<\/div>\n\t\t\n\t\t\n\t\t\n\t\t\n\t\t\n\t\t\t\t\n\n\t\t\t<\/div>\n\t\t\n\n\t\t\t<div class=\"grid_6\">\n\t\t\t\t\n&nbsp;<br \/>\n&nbsp;<br \/>\n&nbsp;<br \/>\n&nbsp;<br \/>\n\n\t\t<h3>NOTRE ENTREPRISE<\/h3>\n\t\t<section class=\"accordion\">\n\t\t\nDecobis S.L, entreprise familiale, a \u00e9t\u00e9 cr\u00e9\u00e9e en 1972 et se consacre au d\u00e9colletage de petites et moyennes s\u00e9ries de pi\u00e8ces de haute qualit\u00e9 et \u00e0 forte valeur ajout\u00e9e. Nous usinons des pi\u00e8ces de 2 \u00e0 40 mm de diam\u00e8tre de tout type de mat\u00e9riau.<br \/>\n&nbsp;<br \/>\nNotre objectif est de satisfaire nos clients, gr\u00e2ce \u00e0 la qualit\u00e9 et au service, et \u00e0 la collaboration lors de l\u2019\u00e9tude et du d\u00e9veloppement de leurs pi\u00e8ces. Pour ce faire, nous disposons d\u2019une \u00e9quipe de professionnels, d\u2019une technologie haut de gamme et de l\u2019exp\u00e9rience de deux g\u00e9n\u00e9rations impliqu\u00e9es dans l\u2019entreprise.<br \/>\n\n\t\t<\/section>\n\t\t\n\t\t\n\t\t\n\t\t\n\t\t\t\t\n\n\t\t\t<\/div>\n\t\t\n\n\t\t\t<\/div>\n\t\t\n\n\t\t\t<\/div>\n\t\t\n\n\t\t\t<\/section>\n\t\t\n&nbsp;<\/p>\n\n\t\t\t<section class=\"page-content\">\n\t\t\t\t\n\n\t\t\t<div class=\"container\">\n\t\t\t\t\n\n\t\t\t<div class=\"row\">\n\t\t\t\t\n\n\t\t\n\t\t\n\t\t\n\t\t\n\t\t<div class=\"heading-centered\">\n\t\t\n\t\t<h3>TECHNOLOGIE<\/h3>\n\t\t<p>\nNous commercialisons d&rsquo;outils de plaquettes en m\u00e9tal dur soud\u00e9es, selon des normes ISO, dans toutes les dimensions et qualit\u00e9s.<br \/>\n<\/p>\n\t\t<\/div>\n\t\t\n\t\t\n\t\t\n\t\t\n\t\t\n\t\t\t\t\n<article class=\"grid_3 isotope-item\"><figure class=\"portfolio-style-2\"><div class=\"portfolio-img\"><a href=\"#\"><img src=\"https:\/\/www.decobis.com\/wp-content\/uploads\/fijo-thumb.jpg\"\/><\/a><div class=\"portfolio-img-hover\"><div class=\"mask\"><\/div><ul><li class=\"portfolio-zoom\"><a href=\"https:\/\/www.decobis.com\/wp-content\/uploads\/fijo-thumb.jpg\" data-gal=\"prettyPhoto[pp_gallery]\" class=\"icon-search\"><\/a><\/li><li class=\"portfolio-single\"><a class=\"icon-link\" href=\"https:\/\/www.decobis.com\/fr\/portfolio\/tours-a-poupee-fixe\/\" ><\/a><\/li><\/ul><\/div><\/div><figcaption><a class=\"title\" href=\"https:\/\/www.decobis.com\/fr\/portfolio\/tours-a-poupee-fixe\/\">Tours \u00e0 poup\u00e9e fixe<\/a><span class=\"subtitle\"><\/span><\/figcaption><\/figure><\/article><article class=\"grid_3 isotope-item\"><figure class=\"portfolio-style-2\"><div class=\"portfolio-img\"><a href=\"#\"><img src=\"https:\/\/www.decobis.com\/wp-content\/uploads\/movil-thumb.jpg\"\/><\/a><div class=\"portfolio-img-hover\"><div class=\"mask\"><\/div><ul><li class=\"portfolio-zoom\"><a href=\"https:\/\/www.decobis.com\/wp-content\/uploads\/movil-thumb.jpg\" data-gal=\"prettyPhoto[pp_gallery]\" class=\"icon-search\"><\/a><\/li><li class=\"portfolio-single\"><a class=\"icon-link\" href=\"https:\/\/www.decobis.com\/fr\/portfolio\/tours-a-poupee-mobile\/\" ><\/a><\/li><\/ul><\/div><\/div><figcaption><a class=\"title\" href=\"https:\/\/www.decobis.com\/fr\/portfolio\/tours-a-poupee-mobile\/\">Tours \u00e0 poup\u00e9e mobile<\/a><span class=\"subtitle\"><\/span><\/figcaption><\/figure><\/article><article class=\"grid_3 isotope-item\"><figure class=\"portfolio-style-2\"><div class=\"portfolio-img\"><a href=\"#\"><img src=\"https:\/\/www.decobis.com\/wp-content\/uploads\/maquinaria-thumb.jpg\"\/><\/a><div class=\"portfolio-img-hover\"><div class=\"mask\"><\/div><ul><li class=\"portfolio-zoom\"><a href=\"https:\/\/www.decobis.com\/wp-content\/uploads\/maquinaria-thumb.jpg\" data-gal=\"prettyPhoto[pp_gallery]\" class=\"icon-search\"><\/a><\/li><li class=\"portfolio-single\"><a class=\"icon-link\" href=\"https:\/\/www.decobis.com\/fr\/portfolio\/machines\/\" ><\/a><\/li><\/ul><\/div><\/div><figcaption><a class=\"title\" href=\"https:\/\/www.decobis.com\/fr\/portfolio\/machines\/\">Machines<\/a><span class=\"subtitle\"><\/span><\/figcaption><\/figure><\/article>\n\n\t\t\t<\/div>\n\t\t\n\n\t\t\t<\/div>\n\t\t\n\n\t\t\t<\/section>\n\t\t\n","protected":false},"excerpt":{"rendered":"<p>&nbsp; &nbsp;<\/p>\n","protected":false},"author":1,"featured_media":0,"parent":0,"menu_order":0,"comment_status":"open","ping_status":"closed","template":"home-main.php","meta":[],"_links":{"self":[{"href":"https:\/\/www.decobis.com\/fr\/wp-json\/wp\/v2\/pages\/863"}],"collection":[{"href":"https:\/\/www.decobis.com\/fr\/wp-json\/wp\/v2\/pages"}],"about":[{"href":"https:\/\/www.decobis.com\/fr\/wp-json\/wp\/v2\/types\/page"}],"author":[{"embeddable":true,"href":"https:\/\/www.decobis.com\/fr\/wp-json\/wp\/v2\/users\/1"}],"replies":[{"embeddable":true,"href":"https:\/\/www.decobis.com\/fr\/wp-json\/wp\/v2\/comments?post=863"}],"version-history":[{"count":7,"href":"https:\/\/www.decobis.com\/fr\/wp-json\/wp\/v2\/pages\/863\/revisions"}],"predecessor-version":[{"id":1453,"href":"https:\/\/www.decobis.com\/fr\/wp-json\/wp\/v2\/pages\/863\/revisions\/1453"}],"wp:attachment":[{"href":"https:\/\/www.decobis.com\/fr\/wp-json\/wp\/v2\/media?parent=863"}],"curies":[{"name":"wp","href":"https:\/\/api.w.org\/{rel}","templated":true}]}}