{"id":861,"date":"2015-01-29T12:10:04","date_gmt":"2015-01-29T12:10:04","guid":{"rendered":"http:\/\/www.decobis.com\/?page_id=861"},"modified":"2015-07-07T10:41:42","modified_gmt":"2015-07-07T10:41:42","slug":"mentions-legales","status":"publish","type":"page","link":"https:\/\/www.decobis.com\/fr\/mentions-legales\/","title":{"rendered":"Mentions l\u00e9gales"},"content":{"rendered":"<div class=\"divider-blank\"><\/div>\n<h3>Mentions L\u00e9gales<\/h3>\n<p>L&rsquo;utilisation de ce site donne \u00e0 vous la condition d&rsquo;utilisateur et implique l&rsquo;acceptation pleine et sans r\u00e9serve de chacune des dispositions du pr\u00e9sent avis juridique, donc si vous \u00eates en d\u00e9saccord avec l&rsquo;une des conditions ici \u00e9tablie, ne devraient pas utiliser \/ acc\u00e9der \u00e0 ce site.<br \/>\n&nbsp;<br \/>\n[1] CONDITIONS D\u2019UTILISATION DU SITE WEB [1,1] Les visiteurs de ce site sont consid\u00e9r\u00e9s comme des utilisateurs du m\u00eame, qui trouveront en elle des informations relatives au type d\u2019activit\u00e9, produits et services que nous offrons. [1,2] Les informations et documents inclus dans le web ont \u00e9t\u00e9 obtenues de sources jug\u00e9es fiables. Cependant, malgr\u00e9 la prise de pr\u00e9cautions raisonnables et d\u2019assurer la fiabilit\u00e9 de l\u2019information signifie, aucune garantie qu\u2019ils sont exacts, complets et \/ ou mis \u00e0 jour. D\u00e9clinent par cons\u00e9quent toute responsabilit\u00e9 pour l\u2019omission d\u2019informations ou la publication d\u2019informations erron\u00e9es publi\u00e9es sur ce site. [1,3] Les informations affich\u00e9es et \/ ou fournis par ce site doit \u00eatre consid\u00e9r\u00e9e, par l\u2019utilisateur, des informations g\u00e9n\u00e9rales, sans que cela implique que cette information peut \u00eatre estim\u00e9 comme cruciale pour la prise de d\u00e9cision de l\u2019\u00e9l\u00e9ment web de l\u2019utilisateur et donc d\u00e9clinent toute responsabilit\u00e9 pour l\u2019\u00e9chec de v\u00e9rifier, et sp\u00e9cifiquement entendu que de telles informations, sous r\u00e9serve des r\u00e8glements en vigueur en Espagne, pas con\u00e7u pour les utilisateurs qui se d\u00e9roulent dans d\u2019autres juridictions des \u00c9tats exigeant la conformit\u00e9 avec d\u2019autres exigences pour la fourniture, la divulgation ou la diffusion de services li\u00e9s aux activit\u00e9s et \/ ou services annonc\u00e9s sur ce site. [1,4] En tant que fournisseurs de la soci\u00e9t\u00e9 de l\u2019information, nous nous r\u00e9servons le droit de mettre \u00e0 jour, modifier ou supprimer les informations contenues sur ce site, de limiter ou de refuser l\u2019acc\u00e8s \u00e0 de telles informations, sans pr\u00e9avis. Surtout, nous nous r\u00e9servons le droit de supprimer, limiter ou emp\u00eacher l\u2019acc\u00e8s au site cas de difficult\u00e9s techniques d\u2019\u00e9v\u00e9nements ou de circonstances hors de notre contr\u00f4le qui, \u00e0 notre discr\u00e9tion, r\u00e9duire ou supprimer les niveaux de s\u00e9curit\u00e9 standard adopt\u00e9es pour le bon fonctionnement de ce site web se poser. [1,5] En tant que fournisseurs, nous pouvons \u00e0 tout moment \u00e9tablir des proc\u00e9dures techniques et juridiques pour recueillir des informations anonymes sur vos visiteurs, ce qui signifierait, en tout cas, ces informations ne peut \u00eatre associ\u00e9 d\u2019aucune fa\u00e7on \u00e0 un utilisateur sp\u00e9cifique. Ces proc\u00e9dures maintiennent donn\u00e9es comme le nom de domaine fournisseur qui donne acc\u00e8s au r\u00e9seau \u00e0 l\u2019utilisateur, la date et l\u2019heure que vous acc\u00e9dez \u00e0 notre site, l\u2019adresse Internet \u00e0 partir de laquelle il est reparti sur le lien ou lien vers notre site, le nombre de visiteurs quotidiens de chaque section, et des donn\u00e9es de nature similaire. La fin des donn\u00e9es et des informations recueillies est statistique, ce qui nous permet d\u2019acqu\u00e9rir une meilleure compr\u00e9hension de l\u2019activit\u00e9 des visiteurs du site, afin de vous am\u00e9liorer et \/ ou augmenter leur pr\u00e9sence en ligne. [1,6] utilisateurs \u00e0 tout moment, pourraient d\u00e9sactiver les proc\u00e9dures d\u2019obtention de renseignements vis\u00e9s au point d\u2019exposition pr\u00e9c\u00e9dente en modifiant les param\u00e8tres de votre navigateur. Nonobstant ce qui pr\u00e9c\u00e8de, la d\u00e9sactivation fait allusion ici ne affecte pas ou interf\u00e9rer avec la navigabilit\u00e9 des utilisateurs dans notre web. [1.7] L\u2019utilisateur express\u00e9ment et sans \u00e9quivoque nous autorisez \u00e0 collecter et traiter les informations g\u00e9n\u00e9r\u00e9es \u00e0 la suite de l\u2019utilisation de ce site, avec le seul but d\u2019offrir une navigation plus personnalis\u00e9 et efficace.<br \/>\n&nbsp;<br \/>\n[2] RESPONSABILIT\u00c9S [2,1] En tant que fournisseurs d\u00e9clinent toute responsabilit\u00e9 pour les informations affich\u00e9es sur ce site, \u00e0 partir de sources externes, ainsi que le contenu qu\u2019ils ne ont pas pr\u00e9par\u00e9. [2.2] Le but des liens (links) affich\u00e9 sur ce site est uniquement \u00e0 informer l\u2019utilisateur sur l\u2019existence d\u2019autres sources d\u2019information sur le sujet sur l\u2019Internet o\u00f9 vous pouvez \u00e9tendre les informations fournies sur ce site. Par cons\u00e9quent, nous ne serons pas, en tout cas, responsable des r\u00e9sultats obtenus \u00e0 partir de ladite liens ou des liens. [2,3] En aucun cas nous serons responsables de toute perte, dommage ou blessure de quelque nature r\u00e9sultant de l\u2019acc\u00e8s et \/ ou utilisation de ce site, y compris celles produites dans les syst\u00e8mes informatiques ou des dommages caus\u00e9s par des virus ou des activit\u00e9s pirates illicites (hackers). En outre, nous sommes \u00e9galement responsables des dommages subis par les utilisateurs mauvaise utilisation de ce site et de toute mani\u00e8re pour les pannes, interruptions, absence ou la d\u00e9faillance des t\u00e9l\u00e9communications. [2,4] En tant que fournisseurs, nous ne sommes pas responsable en aucune fa\u00e7on des divergences qui peuvent surgir entre la version de votre papier et versions de la m\u00eame \u00e9lectroniques publi\u00e9s sur son site Internet ou par voie \u00e9lectronique obtenus \u00e0 partir de ce site.<br \/>\n&nbsp;<br \/>\n[3] POLITIQUE DE PROTECTION DES DONNEES PERSONNELLES [3,1] En tant que fournisseurs, nous assurons la protection des donn\u00e9es des clients et des utilisateurs. Ce site ne reconna\u00eet pas automatiquement de renseignements concernant l\u2019identit\u00e9 des visiteurs de vos pages. Nonobstant ce qui pr\u00e9c\u00e8de, dans les services en ligne, afin d\u2019assurer la s\u00e9curit\u00e9 et la confidentialit\u00e9, identification pr\u00e9alable et l\u2019authentification de l\u2019utilisateur sur le syst\u00e8me sera n\u00e9cessaire, \u00e0 travers les mots de passe d\u2019application. Dans les cas o\u00f9 l\u2019utilisateur demande des informations sur des produits ou services ou souhaite faire le traitement des r\u00e9clamations ou demandes de renseignements \u00e0 travers la soumission des formulaires sur les pages web, en tout cas n\u00e9cessaire de collecter des donn\u00e9es \u00e0 caract\u00e8re personnel qui correspond \u00e0 informer votre demande. [3,2] En tant que fournisseurs de la soci\u00e9t\u00e9 de l\u2019information et responsable pour les fichiers de donn\u00e9es personnelles, informer les utilisateurs de ce site que toutes les donn\u00e9es personnelles seront trait\u00e9es avec une confidentialit\u00e9 absolue, \u00e9tant utilis\u00e9 \u00e0 des fins qui ont \u00e9t\u00e9 demand\u00e9s en vertu de la loi 15\/1999, du 13 D\u00e9cembre, la protection des donn\u00e9es personnelles (LOPD), la loi 34\/2002, du 11 Juillet, les services de la soci\u00e9t\u00e9 de l\u2019information et le commerce \u00e9lectronique (LSSI-CE) et d\u2019autres normes juridiques applicables. [3,3] comme responsable pour les fichiers de donn\u00e9es personnelles, sont ceux qui prennent la responsabilit\u00e9 de prendre des mesures de s\u00e9curit\u00e9 des mesures techniques et organisationnelles pour prot\u00e9ger la confidentialit\u00e9 et l\u2019int\u00e9grit\u00e9 des informations, conform\u00e9ment \u00e0 la Loi sur la protection des donn\u00e9es, la LSSI -CE, et autre l\u00e9gislation applicable. [3.4] L\u2019utilisateur, en tout cas, de la v\u00e9racit\u00e9 des donn\u00e9es fournies, donc nous nous r\u00e9servons le droit de refuser le service \u00e0 tout utilisateur qui a fourni de faux renseignements, sans pr\u00e9judice de toute autre action, conform\u00e9ment ill\u00e9gale. [3,5] Tout utilisateur enregistr\u00e9 peut exercer ses droits d\u2019acc\u00e8s, de rectification, d\u2019opposition et d\u2019annulation de leurs donn\u00e9es personnelles \u00e0 l\u2019\u00e9gard de vos donn\u00e9es personnelles dans les termes pr\u00e9vus par la loi, fournis par ce site, par notification \u00e9crite, accompagn\u00e9e une copie de votre passeport, se est adress\u00e9 \u00e0 l\u2019entit\u00e9, que le fichier qui recueille des donn\u00e9es personnelles, dont l\u2019adresse est indiqu\u00e9e \u00e0 la fin de cette exclusion.<br \/>\n&nbsp;<br \/>\n[4] PROPRI\u00c9T\u00c9 INTELLECTUELLE [4.1] L\u2019ensemble de ce site (textes, images, marques, logos, fichiers audio, de logiciels, combinaisons de couleurs, etc.) ainsi que la structure de son contenu, est prot\u00e9g\u00e9s par la l\u00e9gislation de la propri\u00e9t\u00e9 intellectuelle ne peut \u00eatre soumis \u00e0 l\u2019exploitation, reproduction, distribution, modification, communication publique, transformation ou tout autre diffusion non express\u00e9ment autoris\u00e9e par nous, car les pr\u00eateurs et les d\u00e9tenteurs de droits de propri\u00e9t\u00e9 intellectuelle. Par cons\u00e9quent, l\u2019acc\u00e8s \u00e0 ce site ne donne pas aux utilisateurs des droits ou de toute d\u00e9tention de droits de propri\u00e9t\u00e9 intellectuelle et \/ ou le contenu de ce site industriel. [4,2] En tant que d\u00e9tenteurs de droits de propri\u00e9t\u00e9 intellectuelle dans ce site, nous nous r\u00e9servons le droit de prendre des mesures juridiques contre les utilisateurs qui violent ou enfreindre les droits de propri\u00e9t\u00e9 intellectuelle et \/ ou industrielle.<br \/>\n&nbsp;<br \/>\n[5] LOI ET JURIDICTION [5,1] Ces conditions g\u00e9n\u00e9rales sont r\u00e9gies par la loi espagnole fait allusion ci-dessus ou autrement dit explicitement, mais pas obligatoire. Par cons\u00e9quent, l\u2019utilisateur de ce site d\u00e9cline express\u00e9ment toute juridiction qui correspond, de soumettre aux tribunaux de la ville de Barcelone.<br \/>\n&nbsp;<br \/>\n[6] IDENTIFICATION DU REGISTRE DES DONN\u00c9ES [6,1] Les informations de Registre de la propri\u00e9taire de ce site sont: DECO-BIS, S.L. B-59374066 [6.2] L&rsquo;adresse de la propri\u00e9taire de ce site, \u00e0 des fins de communication et de l&rsquo;exercice des droits est la suivante: Calle Flassaders, 13, Talleres 2 Nave 12 \u2013 Pol. Ind. Santiga E-08130 \u2013 Sta. Perpetua de Mogoda (Barcelona). T\u00e9l\u00e9phone: +34 973 188 612. Email: <a href=\"mailto:info@decobis.com\">info@decobis.com<\/a><\/p>\n","protected":false},"excerpt":{"rendered":"<p>Mentions L\u00e9gales L&rsquo;utilisation de ce site donne \u00e0 vous la condition d&rsquo;utilisateur et implique l&rsquo;acceptation pleine et sans r\u00e9serve de chacune des dispositions du pr\u00e9sent avis juridique, donc si vous \u00eates en d\u00e9saccord avec l&rsquo;une des conditions ici \u00e9tablie, ne devraient pas utiliser \/ acc\u00e9der \u00e0 ce site. &nbsp; [1] CONDITIONS D\u2019UTILISATION DU SITE WEB [&hellip;]<\/p>\n","protected":false},"author":1,"featured_media":0,"parent":0,"menu_order":0,"comment_status":"open","ping_status":"open","template":"page-with-sidebar.php","meta":[],"_links":{"self":[{"href":"https:\/\/www.decobis.com\/fr\/wp-json\/wp\/v2\/pages\/861"}],"collection":[{"href":"https:\/\/www.decobis.com\/fr\/wp-json\/wp\/v2\/pages"}],"about":[{"href":"https:\/\/www.decobis.com\/fr\/wp-json\/wp\/v2\/types\/page"}],"author":[{"embeddable":true,"href":"https:\/\/www.decobis.com\/fr\/wp-json\/wp\/v2\/users\/1"}],"replies":[{"embeddable":true,"href":"https:\/\/www.decobis.com\/fr\/wp-json\/wp\/v2\/comments?post=861"}],"version-history":[{"count":1,"href":"https:\/\/www.decobis.com\/fr\/wp-json\/wp\/v2\/pages\/861\/revisions"}],"predecessor-version":[{"id":862,"href":"https:\/\/www.decobis.com\/fr\/wp-json\/wp\/v2\/pages\/861\/revisions\/862"}],"wp:attachment":[{"href":"https:\/\/www.decobis.com\/fr\/wp-json\/wp\/v2\/media?parent=861"}],"curies":[{"name":"wp","href":"https:\/\/api.w.org\/{rel}","templated":true}]}}