{"id":859,"date":"2015-01-29T12:05:54","date_gmt":"2015-01-29T12:05:54","guid":{"rendered":"http:\/\/www.decobis.com\/?page_id=859"},"modified":"2015-07-07T11:36:35","modified_gmt":"2015-07-07T11:36:35","slug":"politique-de-confidentialite","status":"publish","type":"page","link":"https:\/\/www.decobis.com\/fr\/politique-de-confidentialite\/","title":{"rendered":"POLITIQUE DE CONFIDENTIALIT\u00c9"},"content":{"rendered":"<div class=\"divider-blank\"><\/div>\n<h3>Politique de confidentialit\u00e9<\/h3>\n<p>Notre politique de confidentialit\u00e9 d\u00e9crit comment nous recueillons, de stocker et utilisons les informations que nous recueillons \u00e0 travers les diff\u00e9rents services ou pages disponibles sur ce site. Il est important de comprendre quelles informations nous recueillons et comment nous l\u2019utilisons pour acc\u00e9der \u00e0 ce site signifie que vous acceptez notre politique de confidentialit\u00e9.<br \/>\n&nbsp;<br \/>\n<strong>Cookies<\/strong><br \/>\nL\u2019acc\u00e8s \u00e0 ce site peut impliquer l\u2019utilisation de cookies. Les cookies sont de petits morceaux d\u2019informations qui sont stock\u00e9es dans le navigateur utilis\u00e9 par chaque utilisateur pour le serveur de se rappeler certaines informations qui peut \u00eatre utilis\u00e9 plus tard. Cette information peut vous identifier comme un utilisateur individuel et enregistrer vos pr\u00e9f\u00e9rences personnelles et des informations techniques telles que des visites ou des pages sp\u00e9cifiques que vous visitez. Les utilisateurs qui ne souhaitent pas recevoir de cookies ou qui veulent \u00eatre inform\u00e9s avant qu\u2019ils ne soient stock\u00e9s sur votre ordinateur peut configurer votre navigateur en cons\u00e9quence. La plupart des navigateurs permettent aujourd\u2019hui la gestion des cookies dans trois fa\u00e7ons: Les cookies ne sont jamais accept\u00e9es. Le navigateur demande \u00e0 l\u2019utilisateur l\u2019opportunit\u00e9 d\u2019accepter chaque cookie. Les cookies sont toujours accept\u00e9es. Le navigateur peut \u00e9galement inclure la possibilit\u00e9 de mieux sp\u00e9cifier quels cookies doivent \u00eatre accept\u00e9s et qui ne. Plus pr\u00e9cis\u00e9ment, l\u2019utilisateur peut normalement accepter aucune des options suivantes: refuser les cookies en provenance de certains domaines, de rejeter les cookies tiers; accepter les cookies et non persistante (supprim\u00e9 lorsque le navigateur est ferm\u00e9); permettre au serveur de cr\u00e9er des cookies pour un domaine diff\u00e9rent. En outre, les navigateurs peuvent \u00e9galement permettre aux utilisateurs d\u2019afficher et supprimer les cookies individuellement. Vous pouvez trouver plus d\u2019informations sur les cookies \u00e0 l\u2019adresse: http:\/\/es.wikipedia.org\/wiki\/Cookie<br \/>\n&nbsp;<br \/>\n<strong>Web Beacons<\/strong><br \/>\nCe site peut accueillir des balises Web (\u00e9galement connu sous le nom de web bugs). Les balises Web sont g\u00e9n\u00e9ralement de petites images d\u2019un pixel par pixel, visible ou invisible plac\u00e9 dans le code source des pages Web d\u2019un site. Les balises Web sont utilis\u00e9s d\u2019une mani\u00e8re similaire \u00e0 biscuits. En outre, les balises Web sont g\u00e9n\u00e9ralement utilis\u00e9es pour mesurer le trafic des utilisateurs qui visitent un site Web et peuvent dessiner un motif d\u2019utilisateurs d\u2019un site. Vous pouvez trouver plus d\u2019informations sur des balises Web: http:\/\/es.wikipedia.org\/wiki\/Web_bug<br \/>\n&nbsp;<br \/>\n<strong>Troisi\u00e8me<\/strong><br \/>\nDans certains cas, nous partageons l\u2019information sur les visiteurs de ce site de fa\u00e7on anonyme ou ensemble avec des tiers tels que les annonceurs, sponsors ou auditeurs dans le seul but d\u2019am\u00e9liorer nos services. Toutes ces t\u00e2ches de traitement seront r\u00e9glement\u00e9s selon les lois et tous leurs droits seront respect\u00e9s protection des donn\u00e9es conform\u00e9ment \u00e0 la r\u00e9glementation en vigueur. Ce site mesure le trafic avec diff\u00e9rentes solutions qui peuvent utiliser des cookies ou des pixels invisibles pour analyser ce qui se passe dans nos pages. Nous utilisons actuellement les solutions suivantes pour la mesure du trafic sur ce site. Pour plus d\u2019informations sur la politique de chacune des solutions utilis\u00e9es \u00e0 cette fin de la vie priv\u00e9e: Nielsen \/ \/ NetRatings: http:\/\/www.netratings.com\/corp.jsp?section=leg_scs_es Google (Analytics): http: \/\/ AddFreeStats www.google.com\/intl\/es_ALL\/privacypolicy.html: http:\/\/www.addfreestats.com\/privacy.html Ce site peut h\u00e9berger leurs propres r\u00e9seaux de publicit\u00e9, affiliation ou de publicit\u00e9. Cette annonce est montr\u00e9 \u00e0 travers les serveurs qui utilisent \u00e9galement des cookies pour afficher le contenu de la publicit\u00e9 li\u00e9e aux utilisateurs. Chacun de ces serveurs publicitaires a sa propre politique de confidentialit\u00e9, qui peut \u00eatre consult\u00e9 sur leurs propres sites Web.<\/p>\n","protected":false},"excerpt":{"rendered":"<p>Politique de confidentialit\u00e9 Notre politique de confidentialit\u00e9 d\u00e9crit comment nous recueillons, de stocker et utilisons les informations que nous recueillons \u00e0 travers les diff\u00e9rents services ou pages disponibles sur ce site. Il est important de comprendre quelles informations nous recueillons et comment nous l\u2019utilisons pour acc\u00e9der \u00e0 ce site signifie que vous acceptez notre politique [&hellip;]<\/p>\n","protected":false},"author":1,"featured_media":0,"parent":0,"menu_order":0,"comment_status":"closed","ping_status":"closed","template":"page-with-sidebar.php","meta":[],"_links":{"self":[{"href":"https:\/\/www.decobis.com\/fr\/wp-json\/wp\/v2\/pages\/859"}],"collection":[{"href":"https:\/\/www.decobis.com\/fr\/wp-json\/wp\/v2\/pages"}],"about":[{"href":"https:\/\/www.decobis.com\/fr\/wp-json\/wp\/v2\/types\/page"}],"author":[{"embeddable":true,"href":"https:\/\/www.decobis.com\/fr\/wp-json\/wp\/v2\/users\/1"}],"replies":[{"embeddable":true,"href":"https:\/\/www.decobis.com\/fr\/wp-json\/wp\/v2\/comments?post=859"}],"version-history":[{"count":1,"href":"https:\/\/www.decobis.com\/fr\/wp-json\/wp\/v2\/pages\/859\/revisions"}],"predecessor-version":[{"id":860,"href":"https:\/\/www.decobis.com\/fr\/wp-json\/wp\/v2\/pages\/859\/revisions\/860"}],"wp:attachment":[{"href":"https:\/\/www.decobis.com\/fr\/wp-json\/wp\/v2\/media?parent=859"}],"curies":[{"name":"wp","href":"https:\/\/api.w.org\/{rel}","templated":true}]}}