{"id":786,"date":"2015-01-28T09:47:43","date_gmt":"2015-01-28T09:47:43","guid":{"rendered":"http:\/\/www.decobis.com\/?page_id=786"},"modified":"2025-02-20T15:46:34","modified_gmt":"2025-02-20T15:46:34","slug":"home-2","status":"publish","type":"page","link":"https:\/\/www.decobis.com\/de\/","title":{"rendered":"Home"},"content":{"rendered":"<div class=\"marbot40\">\n\n\t\t\t<section class=\"page-content\">\n\t\t\t\t\n\n\t\t\t<div class=\"container\">\n\t\t\t\t\n\n\t\t\t<div class=\"row\">\n\t\t\t\t\n\n\t\t\t<div class=\"grid_6\">\n\t\t\t\t\n<span class=\"marro\"><img src=\"http:\/\/www.decobis.com\/wp-content\/uploads\/untitled.png\">\n\t\t<h3>AUTOMATENDREHEN<\/h3>\n\t\t<section class=\"accordion\">\n\t\t<\/span><br \/>\nFertigung kleiner und mittlerer Serien von Pr\u00e4zisionsdrehteilen aller Arten von Materialien, wie Messing, Aluminium sowie rostfreiem, leicht zu verarbeitendem oder Kohlenstoffstahl\u2026<\/p>\n<p style=\"text-align: left;\"><span style=\"text-decoration: underline; color: #808080;\"><a style=\"color: #808080; text-decoration: underline;\" href=\"https:\/\/www.decobis.com\/de\/produkt-3\/?lang=de\">MEHR<\/a><\/span><\/p>\n\n\t\t<\/section>\n\t\t\n\t\t\n\t\t\n\t\t\n\t\t\t\t\n\n\t\t\t<\/div>\n\t\t\n\n\t\t\t<div class=\"grid_6\">\n\t\t\t\t\n<span class=\"marro\"><img src=\"http:\/\/www.decobis.com\/wp-content\/uploads\/untitled1.png\">\n\t\t<h3>SCHNEIDWERKZEUGE<\/h3>\n\t\t<section class=\"accordion\">\n\t\t<\/span><br \/>\nMehr als 30 Jahre Herstellung Schneidwerkzeuge in 1.3243, 1.3247 und ASP2060\u00ae Qualit\u00e4ten. Wir fertigen Standard nach DIN 4964\u2026<\/p>\n<p style=\"text-align: left;\"><span style=\"text-decoration: underline; color: #808080;\"><a style=\"color: #808080; text-decoration: underline;\" href=\"https:\/\/www.decobis.com\/de\/produkt-2\/?lang=de\">MEHR<\/a><\/span><\/p>\n\n\t\t<\/section>\n\t\t\n\t\t\n\t\t\n\t\t\n\t\t\t\t\n\n\t\t\t<\/div>\n\t\t\n\n\t\t\t<\/div>\n\t\t\n\n\t\t\t<\/div>\n\t\t\n\n\t\t\t<\/section>\n\t\t\n<\/p><\/div>\n<p>&nbsp;<\/p>\n\n\t\t\t<section class=\"page-content colored\">\n\t\t\t\t\n\n\t\t\t<div class=\"container\">\n\t\t\t\t\n\n\t\t\t<div class=\"row\">\n\t\t\t\t\n\n\t\t\t<div class=\"grid_6\">\n\t\t\t\t\n\n\t\t<div class=\"th_image\">\n\t\t\t<img src=\"http:\/\/www.decobis.com\/wp-content\/uploads\/empresa-decobis.jpg\" alt=\"img\"\/>\n\t\t<\/div>\n\t\t\n\t\t\n\t\t\n\t\t\n\t\t\n\t\t\t\t\n\n\t\t\t<\/div>\n\t\t\n\n\t\t\t<div class=\"grid_6\">\n\t\t\t\t\n&nbsp;<br \/>\n&nbsp;<br \/>\n&nbsp;<br \/>\n&nbsp;<br \/>\n\n\t\t<h3>Das Unternehmen<\/h3>\n\t\t<section class=\"accordion\">\n\t\t\nDecobis S.L. ist ein 1972 gegr\u00fcndetes Familienunternehmen f\u00fcr Drehteile kleiner und mittlerer Serien von hoher Qualit\u00e4t und Wertsch\u00f6pfung. Wir bearbeiten Teile aller Materialien von 2 bis 40 mm Durchmesser.<br \/>\n&nbsp;<br \/>\nUnser Ziel ist die auf Qualit\u00e4t und Service basierende Kundenzufriedenheit, was auch Unterst\u00fctzung bei Analyse und Entwicklung der Teile beinhaltet. Hierf\u00fcr verf\u00fcgen wir \u00fcber ein Team von Fachleuten, moderne Technologie sowie die Erfahrung von zwei mit dem Unternehmen verschriebenen Generationen.<br \/>\n\n\t\t<\/section>\n\t\t\n\t\t\n\t\t\n\t\t\n\t\t\t\t\n\n\t\t\t<\/div>\n\t\t\n\n\t\t\t<\/div>\n\t\t\n\n\t\t\t<\/div>\n\t\t\n\n\t\t\t<\/section>\n\t\t\n&nbsp;<\/p>\n\n\t\t\t<section class=\"page-content\">\n\t\t\t\t\n\n\t\t\t<div class=\"container\">\n\t\t\t\t\n\n\t\t\t<div class=\"row\">\n\t\t\t\t\n\n\t\t\n\t\t\n\t\t\n\t\t\n\t\t<div class=\"heading-centered\">\n\t\t\n\t\t<h3>Technologie<\/h3>\n\t\t<p>\nWir vertreiben gel\u00f6tete  H\u00e4rtemetallplatten-Werkzeuge, nach ISO in allen Abmessungs- und Qualit\u00e4tssortiment.<br \/>\n<\/p>\n\t\t<\/div>\n\t\t\n\t\t\n\t\t\n\t\t\n\t\t\n\t\t\t\t\n<article class=\"grid_3 isotope-item\"><figure class=\"portfolio-style-2\"><div class=\"portfolio-img\"><a href=\"#\"><img src=\"https:\/\/www.decobis.com\/wp-content\/uploads\/fijo-thumb.jpg\"\/><\/a><div class=\"portfolio-img-hover\"><div class=\"mask\"><\/div><ul><li class=\"portfolio-zoom\"><a href=\"https:\/\/www.decobis.com\/wp-content\/uploads\/fijo-thumb.jpg\" data-gal=\"prettyPhoto[pp_gallery]\" class=\"icon-search\"><\/a><\/li><li class=\"portfolio-single\"><a class=\"icon-link\" href=\"https:\/\/www.decobis.com\/de\/portfolio\/drehmaschinen-mit-festem-spindelkopf\/\" ><\/a><\/li><\/ul><\/div><\/div><figcaption><a class=\"title\" href=\"https:\/\/www.decobis.com\/de\/portfolio\/drehmaschinen-mit-festem-spindelkopf\/\">Drehmaschinen mit festem Spindelkopf<\/a><span class=\"subtitle\"><\/span><\/figcaption><\/figure><\/article><article class=\"grid_3 isotope-item\"><figure class=\"portfolio-style-2\"><div class=\"portfolio-img\"><a href=\"#\"><img src=\"https:\/\/www.decobis.com\/wp-content\/uploads\/movil-thumb.jpg\"\/><\/a><div class=\"portfolio-img-hover\"><div class=\"mask\"><\/div><ul><li class=\"portfolio-zoom\"><a href=\"https:\/\/www.decobis.com\/wp-content\/uploads\/movil-thumb.jpg\" data-gal=\"prettyPhoto[pp_gallery]\" class=\"icon-search\"><\/a><\/li><li class=\"portfolio-single\"><a class=\"icon-link\" href=\"https:\/\/www.decobis.com\/de\/portfolio\/drehmaschinen-mit-beweglichem-spindelkopf\/\" ><\/a><\/li><\/ul><\/div><\/div><figcaption><a class=\"title\" href=\"https:\/\/www.decobis.com\/de\/portfolio\/drehmaschinen-mit-beweglichem-spindelkopf\/\">Drehmaschinen mit beweglichem Spindelkopf<\/a><span class=\"subtitle\"><\/span><\/figcaption><\/figure><\/article><article class=\"grid_3 isotope-item\"><figure class=\"portfolio-style-2\"><div class=\"portfolio-img\"><a href=\"#\"><img src=\"https:\/\/www.decobis.com\/wp-content\/uploads\/maquinaria-thumb.jpg\"\/><\/a><div class=\"portfolio-img-hover\"><div class=\"mask\"><\/div><ul><li class=\"portfolio-zoom\"><a href=\"https:\/\/www.decobis.com\/wp-content\/uploads\/maquinaria-thumb.jpg\" data-gal=\"prettyPhoto[pp_gallery]\" class=\"icon-search\"><\/a><\/li><li class=\"portfolio-single\"><a class=\"icon-link\" href=\"https:\/\/www.decobis.com\/de\/portfolio\/maschinen\/\" ><\/a><\/li><\/ul><\/div><\/div><figcaption><a class=\"title\" href=\"https:\/\/www.decobis.com\/de\/portfolio\/maschinen\/\">Maschinen<\/a><span class=\"subtitle\"><\/span><\/figcaption><\/figure><\/article>\n\n\t\t\t<\/div>\n\t\t\n\n\t\t\t<\/div>\n\t\t\n\n\t\t\t<\/section>\n\t\t\n","protected":false},"excerpt":{"rendered":"<p>&nbsp; &nbsp;<\/p>\n","protected":false},"author":1,"featured_media":0,"parent":0,"menu_order":0,"comment_status":"open","ping_status":"closed","template":"home-main.php","meta":[],"_links":{"self":[{"href":"https:\/\/www.decobis.com\/de\/wp-json\/wp\/v2\/pages\/786"}],"collection":[{"href":"https:\/\/www.decobis.com\/de\/wp-json\/wp\/v2\/pages"}],"about":[{"href":"https:\/\/www.decobis.com\/de\/wp-json\/wp\/v2\/types\/page"}],"author":[{"embeddable":true,"href":"https:\/\/www.decobis.com\/de\/wp-json\/wp\/v2\/users\/1"}],"replies":[{"embeddable":true,"href":"https:\/\/www.decobis.com\/de\/wp-json\/wp\/v2\/comments?post=786"}],"version-history":[{"count":11,"href":"https:\/\/www.decobis.com\/de\/wp-json\/wp\/v2\/pages\/786\/revisions"}],"predecessor-version":[{"id":1452,"href":"https:\/\/www.decobis.com\/de\/wp-json\/wp\/v2\/pages\/786\/revisions\/1452"}],"wp:attachment":[{"href":"https:\/\/www.decobis.com\/de\/wp-json\/wp\/v2\/media?parent=786"}],"curies":[{"name":"wp","href":"https:\/\/api.w.org\/{rel}","templated":true}]}}