{"id":782,"date":"2015-01-28T09:14:47","date_gmt":"2015-01-28T09:14:47","guid":{"rendered":"http:\/\/www.decobis.com\/?page_id=782"},"modified":"2015-07-07T09:26:51","modified_gmt":"2015-07-07T09:26:51","slug":"politica-de-privacitat","status":"publish","type":"page","link":"https:\/\/www.decobis.com\/ca\/politica-de-privacitat\/","title":{"rendered":"Pol\u00edtica de Privacitat"},"content":{"rendered":"<div class=\"divider-blank\"><\/div>\n<h3>Pol\u00edtica de Privacitat<\/h3>\n<p>La nostra pol\u00edtica de privacitat descriu com recollim, guardem o utilitzem la informaci\u00f3 que recaptem a trav\u00e9s dels diferents serveis o p\u00e0gines disponibles en aquest lloc . \u00c9s important que entengui quina informaci\u00f3 recollim i com la utilitzem ja que l\u2019acc\u00e9s a aquest lloc implica l\u2019acceptaci\u00f3 a la nostra pol\u00edtica de privacitat.<br \/>\n&nbsp;<br \/>\n<strong>Cookies<\/strong><br \/>\nL\u2019acc\u00e9s a aquest lloc pot implicar la utilitzaci\u00f3 de cookies. Les cookies s\u00f3n petites quantitats d\u2019informaci\u00f3 que s\u2019emmagatzemen en el navegador utilitzat per cada usuari perqu\u00e8 el servidor recordi certa informaci\u00f3 que posteriorment pugui utilitzar. Aquesta informaci\u00f3 permet identificar a vost\u00e8 com un usuari concret i permet guardar les seves prefer\u00e8ncies personals, aix\u00ed com informaci\u00f3 t\u00e8cnica com poden ser visites o p\u00e0gines concretes que visiti. Aquells usuaris que no desitgin rebre cookies o vulguin ser informats abans que s\u2019emmagatzemin en el seu ordinador, poden configurar el seu navegador a aquest efecte. La major part dels navegadors d\u2019avui en dia permeten la gesti\u00f3 de les cookies de 3 formes diferents: Les galetes no s\u2019accepten mai. El navegador pregunta l\u2019usuari si s\u2019ha d\u2019acceptar cada cookie. Les cookies s\u2019accepten sempre. El navegador tamb\u00e9 pot incloure la possibilitat d\u2019especificar millor quines cookies han de ser acceptades i quines no. En concret, l\u2019usuari pot normalment acceptar alguna de les opcions: rebutjar les cookies de determinats dominis, rebutjar les cookies de tercers; acceptar cookies com no persistents ( s\u2019eliminen quan el navegador es tanca ) ; permetre al servidor crear cookies per a un domini diferent. A m\u00e9s, els navegadors poden tamb\u00e9 permetre als usuaris veure i esborrar cookies individualment. Podeu trobar m\u00e9s informaci\u00f3 sobre les cookies a: http:\/\/es.wikipedia.org\/wiki\/Cookie<br \/>\n&nbsp;<br \/>\n<strong>Web Beacons<\/strong><br \/>\nAquest lloc pot albergar tamb\u00e9 web Beacons (tamb\u00e9 coneguts per web bugs). Els web beacons solen ser petites imatges d\u2019un p\u00edxel per un p\u00edxel , visibles o invisibles col\u00b7locats dins del codi font de les p\u00e0gines web d\u2019un lloc. Els Web Beacons serveixen i s\u2019utilitzen d\u2019una forma similar a les galetes . A m\u00e9s, els web Beacons solen utilitzar-se per mesurar el tr\u00e0nsit d\u2019usuaris que visiten una p\u00e0gina web i poder treure un patr\u00f3 dels usuaris d\u2019un lloc. Podeu trobar m\u00e9s informaci\u00f3 sobre els web Beacons a: http:\/\/es.wikipedia.org\/wiki\/Web_bug<br \/>\n&nbsp;<br \/>\n<strong>Tercers<\/strong><br \/>\nEn alguns casos, compartim informaci\u00f3 sobre els visitants d\u2019aquest lloc de forma an\u00f2nima o agregada amb tercers com anunciants, patrocinadors o auditors amb l\u2019\u00fanica finalitat de millorar els nostres serveis . Totes aquestes tasques de processament seran regulades segons les normes legals i es respectaran tots els seus drets en mat\u00e8ria de protecci\u00f3 de dades conforme a la regulaci\u00f3 vigent . Aquest lloc mesura el tr\u00e0nsit amb diferents solucions que poden utilitzar cookies o web Beacons per analitzar el que succeeix en les nostres p\u00e0gines. Actualment utilitzem les seg\u00fcents solucions per al mesurament del tr\u00e0fic d\u2019 aquest lloc . Trobareu m\u00e9s informaci\u00f3 sobre la pol\u00edtica de privacitat de cadascuna de les solucions utilitzades per a tal efecte: Nielsen\/\/NetRatings: http:\/\/www.netratings.com\/corp.jsp?section=leg_scs_es Google (Analytics): http:\/\/ www.google.com\/intl\/es_ALL\/privacypolicy.html AddFreeStats : http:\/\/www.addfreestats.com\/privacy.html Aquest lloc pot albergar publicitat pr\u00f2pia.<\/p>\n","protected":false},"excerpt":{"rendered":"<p>Pol\u00edtica de Privacitat La nostra pol\u00edtica de privacitat descriu com recollim, guardem o utilitzem la informaci\u00f3 que recaptem a trav\u00e9s dels diferents serveis o p\u00e0gines disponibles en aquest lloc . \u00c9s important que entengui quina informaci\u00f3 recollim i com la utilitzem ja que l\u2019acc\u00e9s a aquest lloc implica l\u2019acceptaci\u00f3 a la nostra pol\u00edtica de privacitat. [&hellip;]<\/p>\n","protected":false},"author":1,"featured_media":0,"parent":0,"menu_order":0,"comment_status":"closed","ping_status":"closed","template":"page-with-sidebar.php","meta":[],"_links":{"self":[{"href":"https:\/\/www.decobis.com\/ca\/wp-json\/wp\/v2\/pages\/782"}],"collection":[{"href":"https:\/\/www.decobis.com\/ca\/wp-json\/wp\/v2\/pages"}],"about":[{"href":"https:\/\/www.decobis.com\/ca\/wp-json\/wp\/v2\/types\/page"}],"author":[{"embeddable":true,"href":"https:\/\/www.decobis.com\/ca\/wp-json\/wp\/v2\/users\/1"}],"replies":[{"embeddable":true,"href":"https:\/\/www.decobis.com\/ca\/wp-json\/wp\/v2\/comments?post=782"}],"version-history":[{"count":2,"href":"https:\/\/www.decobis.com\/ca\/wp-json\/wp\/v2\/pages\/782\/revisions"}],"predecessor-version":[{"id":939,"href":"https:\/\/www.decobis.com\/ca\/wp-json\/wp\/v2\/pages\/782\/revisions\/939"}],"wp:attachment":[{"href":"https:\/\/www.decobis.com\/ca\/wp-json\/wp\/v2\/media?parent=782"}],"curies":[{"name":"wp","href":"https:\/\/api.w.org\/{rel}","templated":true}]}}