{"id":780,"date":"2015-01-28T09:12:30","date_gmt":"2015-01-28T09:12:30","guid":{"rendered":"http:\/\/www.decobis.com\/?page_id=780"},"modified":"2015-07-07T09:19:23","modified_gmt":"2015-07-07T09:19:23","slug":"avis-legal","status":"publish","type":"page","link":"https:\/\/www.decobis.com\/ca\/avis-legal\/","title":{"rendered":"Av\u00eds Legal"},"content":{"rendered":"<div class=\"divider-blank\"><\/div>\n<h3>Av\u00eds Legal<\/h3>\n<p>La utilitzaci\u00f3 d\u2019aquest web li atribueix a vost\u00e8 la condici\u00f3 d\u2019usuari i implica la seva acceptaci\u00f3 plena i sense reserves a totes i cadascuna de les disposicions incloses en aquest Av\u00eds Legal, pel que si vost\u00e8 no est\u00e0 d\u2019acord amb qualsevol de les condicions aqu\u00ed establertes, no haur\u00e0 d\u2019usar\/accedir a aquest web.<br \/>\n&nbsp;<br \/>\n[1] CONDICIONS D\u2019UTILITZACI\u00d3 DEL WEB [1.1] Els visitants d\u2019aquest web tenen la consideraci\u00f3 d\u2019usuaris del mateix , els quals trobaran informaci\u00f3 relacionada amb el tipus d\u2019activitat , productes i serveis que realitzem. [1.2] La informaci\u00f3 i els materials inclosos al web han estat obtinguts de fonts considerades com fiables . No obstant aix\u00f2 , tot i haver pres precaucions i mitjanes raonables per assegurar la fiabilitat de la informaci\u00f3 , no es garanteix que aquesta sigui exacta, completa, i\/o actualitzada. Conseq\u00fcentment, declinem qualsevol responsabilitat per l\u2019omissi\u00f3 d\u2019informaci\u00f3 o per la publicaci\u00f3 d\u2019informaci\u00f3 err\u00f2nia apareguda en aquest web. [1.3] La informaci\u00f3 exhibida i\/o facilitada per aquest web ha de tenir la consideraci\u00f3, per part de l\u2019usuari , d\u2019informaci\u00f3 general , sense que aix\u00f2 signifiqui que pugui estimar aquesta informaci\u00f3 com a element determinant per a la presa de decisions per part de l\u2019usuari del web , per la qual cosa declinem tota responsabilitat derivada de la manca de verificaci\u00f3 de la mateixa , i de forma espec\u00edfica s\u2019ha d\u2019entendre que aquesta informaci\u00f3 , sotmesa a la normativa vigent a Espanya, no va destinada a aquells usuaris que actu\u00efn sota altres jurisdiccions d\u2019Estats que exigeixin el compliment de requisits diferents per a la posada a disposici\u00f3, divulgaci\u00f3 o publicitat de serveis relatius a les activitats i \/ o serveis publicitats en aquest web. [1.4] Com prestadors de serveis de la societat de la informaci\u00f3 , ens reservem el dret a actualitzar , modificar o eliminar la informaci\u00f3 continguda en aquest web , podent fins i tot limitar o no permetre l\u2019acc\u00e9s a aquesta informaci\u00f3 , sense previ av\u00eds. Especialment, queda reservat el dret a eliminar, limitar o impedir l\u2019acc\u00e9s al web quan sorgeixin dificultats t\u00e8cniques per fets o circumst\u00e0ncies alienes a nosaltres que, al nostre criteri , disminueixin o anul\u00b7lin els nivells de seguretat est\u00e0ndard adoptats per a l\u2019adequat funcionament d\u2019aquest web. [1.5] Com prestadors , podr\u00edem en qualsevol moment establir procediments t\u00e8cnics legals per obtenir informaci\u00f3 an\u00f2nima sobre els seus visitants , la qual cosa significaria, en qualsevol cas , que aquesta informaci\u00f3 no podria ser associada cap manera a un usuari concret i identificat . Aquest tipus de procediments conserven dades com el nom de domini del prove\u00efdor que d\u00f3na acc\u00e9s a la xarxa a l\u2019usuari , la data i hora d\u2019acc\u00e9s al nostre web , l\u2019adre\u00e7a d\u2019Internet des de la qual va partir el link o enlla\u00e7 que dirigeix al nostre web , el nombre de visitants diaris de cada secci\u00f3, i dades de naturalesa an\u00e0loga . La fi de les dades i informaci\u00f3 recollida \u00e9s estad\u00edstic, de manera que ens permeti adquirir un major coneixement sobre l\u2019activitat dels visitants de la web, per tal de millorar el mateix i\/o augmentar la seva pres\u00e8ncia online. [1.6] Els usuaris , en qualsevol moment , podrien desactivar els procediments d\u2019obtenci\u00f3 d\u2019informaci\u00f3 al\u00b7ludits en el punt expositiu anterior mitjan\u00e7ant la modificaci\u00f3 dels par\u00e0metres de configuraci\u00f3 del seu navegador. No obstant aix\u00f2, la desactivaci\u00f3 a la qual s\u2019al\u00b7ludeix aqu\u00ed no afecta o interfereix en la navegabilitat dels usuaris al nostre web. [1.7] L\u2019usuari ens autoritza expressament i inequ\u00edvocament a obtenir i tractar la informaci\u00f3 que es generi com a conseq\u00fc\u00e8ncia de la utilitzaci\u00f3 d\u2019aquest web , amb l\u2019\u00fanica finalitat d\u2019 oferir-li una navegaci\u00f3 m\u00e9s personalitzada i eficient.<br \/>\n&nbsp;<br \/>\n[2] RESPONSABILITATS[2.1] Com prestadors , declinem qualsevol responsabilitat respecte a la informaci\u00f3 exhibida en aquest web, procedent de fonts alienes a nosaltres , aix\u00ed com dels continguts que no h\u00e0gim elaborats. [2.2] La funci\u00f3 dels enlla\u00e7os (links) que apareixen en aquest web \u00e9s \u00fanica i exclusivament la d\u2019informar l\u2019usuari sobre l\u2019exist\u00e8ncia d\u2019altres fonts d\u2019informaci\u00f3 sobre la mat\u00e8ria a Internet, on podr\u00e0 ampliar les dades ofertes en aquest web. Per tant , no serem, en cap cas, responsables del resultat obtingut de l\u2019acc\u00e9s a aquests enlla\u00e7os o links.[2.3] En cap cas, serem responsables de les p\u00e8rdues , danys o perjudicis de qualsevol naturalesa que poguessin sorgir per l\u2019acc\u00e9s i\/o \u00fas d\u2019aquest web, incl\u00f2s els produ\u00efts en sistemes inform\u00e0tics o els provocats per virus o activitats il\u00b7l\u00edcites de pirates inform\u00e0tics (hackers). Aix\u00ed mateix, tampoc serem responsables dels danys que puguin patir els usuaris per un \u00fas inadequat d\u2019aquest web i, de cap manera, de les caigudes , interrupcions , abs\u00e8ncia o defecte en les telecomunicacions.[2.4] Com prestadors , no ens responsabilitzem de cap manera de les possibles discrep\u00e0ncies que puguin sorgir entre la versi\u00f3 dels seus documents impresos i la versi\u00f3 electr\u00f2nica dels mateixos publicats en les seves p\u00e0gines web o obtinguts electr\u00f2nicament d\u2019aquest web.<br \/>\n&nbsp;<br \/>\n[3] POL\u00cdTICA DE PROTECCI\u00d3 DE DADES PERSONALS. [3.1] Com prestadors , garantim la protecci\u00f3 de les dades dels nostres clients i usuaris . Aquest web no reconeix de manera autom\u00e0tica cap dada referent a la identitat dels visitants de les seves p\u00e0gines . No obstant aix\u00f2 , en els serveis online ofert, per tal de garantir la seguretat i confidencialitat , ser\u00e0 necess\u00e0ria la pr\u00e8via identificaci\u00f3 i autenticaci\u00f3 de l\u2019 usuari en el sistema , mitjan\u00e7ant la sol\u00b7licitud de claus d\u2019acc\u00e9s. En aquells sup\u00f2sits en qu\u00e8 l\u2019usuari sol\u00b7liciti informaci\u00f3 sobre serveis o productes o desitgi realitzar la tramitaci\u00f3 de reclamacions o incid\u00e8ncies , a trav\u00e9s de l\u2019enviament de formularis residents a p\u00e0gines del web , ser\u00e0 en tot cas necessari recollir aquelles dades personals que corresponguin per poder informar sobre la seva sol\u00b7licitud. [3.2] Com prestadors de serveis de la societat de la informaci\u00f3 i responsables dels fitxers de dades personals , informem als usuaris d\u2019aquest web que totes les dades de car\u00e0cter personal seran tractades amb absoluta confidencialitat, sent utilitzats per a les finalitats que han estat sol\u00b7licitats , en el marc de la Llei Org\u00e0nica 15\/1999 , de 13 de desembre , de protecci\u00f3 de dades de car\u00e0cter personal (LOPD), la Llei 34\/2002 , de 11 de juliol, de serveis de la societat de la informaci\u00f3 i de comer\u00e7 electr\u00f2nic (LSSI \u2013 CE) i altres normes jur\u00eddiques aplicables. [3.3] Com a responsables dels fitxers de dades personals , som els que assumim la responsabilitat en l\u2019adopci\u00f3 de mesures de seguretat d\u2019\u00edndole t\u00e8cnica i organitzativa per protegir la confidencialitat i integritat de la informaci\u00f3 , d\u2019acord amb el que estableix la LOPD , la LSSI \u2013 CE , i altra legislaci\u00f3 aplicable. [3.4] L\u2019usuari respondr\u00e0, en qualsevol cas , de la veracitat de les dades facilitades, pel que ens reservem el dret a excloure dels serveis registrats a tot usuari que hagi facilitat dades falses, sense perjudici de les altres accions que siguin procedents d\u2019acord a dret. [3.] Qualsevol usuari registrat pot exercitar els seus drets d\u2019acc\u00e9s , rectificaci\u00f3 , oposici\u00f3 i cancel\u00b7laci\u00f3 de les seves dades de car\u00e0cter personal , respecte de les seves dades personals en els termes previstos en la Llei, proporcionats a trav\u00e9s d\u2019aquest web, mitjan\u00e7ant comunicaci\u00f3 escrita , acompanyada d\u2019una c\u00f2pia del Document d\u2019Identitat , dirigida a l\u2019entitat , com a responsable del fitxer que recull les dades de car\u00e0cter personal, el domicili s\u2019indica al final d\u2019aquest av\u00eds legal.<br \/>\n&nbsp;<br \/>\n[4] PROPIETAT INDUSTRIAL I INTEL\u00b7LECTUAL. [4.1] La totalitat d\u2019aquest web (textos, imatges, marques, logotips, arxius d\u2019\u00e0udio, arxius de programari, combinacions de colors , etc .) , Aix\u00ed com l\u2019estructura dels seus continguts, es troben protegits per la normativa de Propietat Intel\u00b7 lectual i Industrial, i no poden ser objecte d\u2019explotaci\u00f3 , reproducci\u00f3, distribuci\u00f3, modificaci\u00f3, comunicaci\u00f3 p\u00fablica , cessi\u00f3 o transformaci\u00f3 o qualsevol altra forma de difusi\u00f3 no autoritzada expressament per nosaltres , com a prestadors i titulars del drets intel\u00b7lectuals . Per tant , l\u2019acc\u00e9s a aquest web no atorga als usuaris cap dret ni titularitat sobre els drets de propietat intel\u00b7lectual i\/o industrial dels continguts d\u2019aquest web. [4.2] Com titulars dels drets intel\u00b7lectuals d\u2019aquest web, ens reservem la possibilitat d\u2019exercir les accions legals que corresponguin contra els usuaris que violin o infringeixin els drets de propietat intel\u00b7lectual i\/o industrial.<br \/>\n&nbsp;<br \/>\n[5] LEGISLACI\u00d3 APLICABLE [5.1] Les presents condicions generals es regiran per la legislaci\u00f3 espanyola al\u00b7ludida anteriorment o per qualsevol altra no expl\u00edcitament indicada per\u00f2 d\u2019aplicaci\u00f3 obligat\u00f2ria. Per tant, l\u2019usuari d\u2019aquest web renuncia expressament al fur que li correspongui, sotmetent-se als Jutjats i Tribunals de la Vila de Barcelona.<br \/>\n&nbsp;<br \/>\n[6] DADES D\u2019IDENTIFICACI\u00d3 REGISTRAL [6.1] Les dades registrals del titular d\u2019aquest web s\u00f3n els seg\u00fcents: Nom o ra\u00f3 social: DECO-BIS, S.L. B-59374066 [6.2] El domicili del titular d&#8217;aquesta web, als efectes de comunicaci\u00f3 i exercisi de drets, \u00e9s el seg\u00fcent: Calle Flassaders, 13, Talleres 2 Nave 12 \u2013 Pol. Ind. Santiga E-08130 \u2013 Sta. Perpetua de Mogoda (Barcelona). Tel\u00e8fon: +34 973 188 612. Email: <a href=\"mailto:info@decobis.com\">info@decobis.com<\/a><\/p>\n","protected":false},"excerpt":{"rendered":"<p>Av\u00eds Legal La utilitzaci\u00f3 d\u2019aquest web li atribueix a vost\u00e8 la condici\u00f3 d\u2019usuari i implica la seva acceptaci\u00f3 plena i sense reserves a totes i cadascuna de les disposicions incloses en aquest Av\u00eds Legal, pel que si vost\u00e8 no est\u00e0 d\u2019acord amb qualsevol de les condicions aqu\u00ed establertes, no haur\u00e0 d\u2019usar\/accedir a aquest web. &nbsp; [&hellip;]<\/p>\n","protected":false},"author":1,"featured_media":0,"parent":0,"menu_order":0,"comment_status":"open","ping_status":"open","template":"page-with-sidebar.php","meta":[],"_links":{"self":[{"href":"https:\/\/www.decobis.com\/ca\/wp-json\/wp\/v2\/pages\/780"}],"collection":[{"href":"https:\/\/www.decobis.com\/ca\/wp-json\/wp\/v2\/pages"}],"about":[{"href":"https:\/\/www.decobis.com\/ca\/wp-json\/wp\/v2\/types\/page"}],"author":[{"embeddable":true,"href":"https:\/\/www.decobis.com\/ca\/wp-json\/wp\/v2\/users\/1"}],"replies":[{"embeddable":true,"href":"https:\/\/www.decobis.com\/ca\/wp-json\/wp\/v2\/comments?post=780"}],"version-history":[{"count":2,"href":"https:\/\/www.decobis.com\/ca\/wp-json\/wp\/v2\/pages\/780\/revisions"}],"predecessor-version":[{"id":829,"href":"https:\/\/www.decobis.com\/ca\/wp-json\/wp\/v2\/pages\/780\/revisions\/829"}],"wp:attachment":[{"href":"https:\/\/www.decobis.com\/ca\/wp-json\/wp\/v2\/media?parent=780"}],"curies":[{"name":"wp","href":"https:\/\/api.w.org\/{rel}","templated":true}]}}