{"id":768,"date":"2015-01-27T12:58:35","date_gmt":"2015-01-27T12:58:35","guid":{"rendered":"http:\/\/www.decobis.com\/?page_id=768"},"modified":"2015-07-07T09:51:23","modified_gmt":"2015-07-07T09:51:23","slug":"decolletatge","status":"publish","type":"page","link":"https:\/\/www.decobis.com\/ca\/decolletatge\/","title":{"rendered":"Productes"},"content":{"rendered":"\n\t\t\t<section class=\"page-content\">\n\t\t\t\t\n\n\t\t\t<div class=\"container\">\n\t\t\t\t\n\n\t\t\t<div class=\"row\">\n\t\t\t\t\n\n\t\t\t<div class=\"grid_6\">\n\t\t\t\t\n\n\t\t<div class=\"th_image\">\n\t\t\t<img src=\"http:\/\/www.decobis.com\/wp-content\/uploads\/decoletaje.jpg\" alt=\"img\"\/>\n\t\t<\/div>\n\t\t\n\t\t\n\t\t\n\t\t\n\t\t\n\t\t\t\t\n\n\t\t\t<\/div>\n\t\t\n\n\t\t\t<div class=\"grid_6\">\n\t\t\t\t\n\n\t\t\t\t<h3>DECOLLETATGE<\/h3>\n\t\t\t\t<p>\n<p>Fabricaci\u00f3 de petites i mitjanes peces de gran precisi\u00f3 en tot tipus de materials de decolletatge com llaut\u00f3, alumini, inoxidables i acers de f\u00e0cil mecanitzaci\u00f3 o al carbono. Aix\u00ed mateix estem especialitzats en la fabricaci\u00f3 de petites s\u00e8ries i pres\u00e8ries d&#8217;homologaci\u00f3.<\/p>\n<\/p>\n\t\t\t\t\n\t\t\t\n\n\t\t\t<\/div>\n\t\t\n\n\t\t\t<\/div>\n\t\t\n\n\t\t\t<\/div>\n\t\t\n\n\t\t\t<\/section>\n\t\t\n","protected":false},"excerpt":{"rendered":"","protected":false},"author":1,"featured_media":0,"parent":0,"menu_order":0,"comment_status":"closed","ping_status":"closed","template":"","meta":[],"_links":{"self":[{"href":"https:\/\/www.decobis.com\/ca\/wp-json\/wp\/v2\/pages\/768"}],"collection":[{"href":"https:\/\/www.decobis.com\/ca\/wp-json\/wp\/v2\/pages"}],"about":[{"href":"https:\/\/www.decobis.com\/ca\/wp-json\/wp\/v2\/types\/page"}],"author":[{"embeddable":true,"href":"https:\/\/www.decobis.com\/ca\/wp-json\/wp\/v2\/users\/1"}],"replies":[{"embeddable":true,"href":"https:\/\/www.decobis.com\/ca\/wp-json\/wp\/v2\/comments?post=768"}],"version-history":[{"count":1,"href":"https:\/\/www.decobis.com\/ca\/wp-json\/wp\/v2\/pages\/768\/revisions"}],"predecessor-version":[{"id":769,"href":"https:\/\/www.decobis.com\/ca\/wp-json\/wp\/v2\/pages\/768\/revisions\/769"}],"wp:attachment":[{"href":"https:\/\/www.decobis.com\/ca\/wp-json\/wp\/v2\/media?parent=768"}],"curies":[{"name":"wp","href":"https:\/\/api.w.org\/{rel}","templated":true}]}}