{"id":764,"date":"2015-01-27T12:51:25","date_gmt":"2015-01-27T12:51:25","guid":{"rendered":"http:\/\/www.decobis.com\/?page_id=764"},"modified":"2015-07-07T09:32:16","modified_gmt":"2015-07-07T09:32:16","slug":"producte","status":"publish","type":"page","link":"https:\/\/www.decobis.com\/ca\/producte\/","title":{"rendered":"PRODUCTE"},"content":{"rendered":"\n\t\t\t<section class=\"page-content\">\n\t\t\t\t\n\n\t\t\t<div class=\"container\">\n\t\t\t\t\n\n\t\t\t<div class=\"row\">\n\t\t\t\t\n\n\t\t\t<div class=\"grid_6\">\n\t\t\t\t\n<span class=\"marro\"><img src=\"wp-content\/uploads\/untitled.png\">\n\t\t<h3>DECOLLETATGE<\/h3>\n\t\t<section class=\"accordion\">\n\t\t<\/span><br \/>\nFabricaci\u00f3 de petites i mitjanes peces de gran precisi\u00f3 en tot tipus de materials de decolletatge com llaut\u00f3, alumini, inoxidables i acers de f\u00e0cil mecanitzaci\u00f3 o al carbono\u2026<\/p>\n<p style=\"text-align: left;\"><span style=\"text-decoration: underline; color: #808080;\"><a style=\"color: #808080; text-decoration: underline;\" href=\"https:\/\/www.decobis.com\/ca\/decolletatge\/?lang=ca\" target=\"_blank\">LLEGIR M\u00c9S<\/a><\/span><\/p>\n\n\t\t<\/section>\n\t\t\n\t\t\n\t\t\n\t\t\n\t\t\t\t\n\n\t\t\t<\/div>\n\t\t\n\n\t\t\t<div class=\"grid_6\">\n\t\t\t\t\n<span class=\"marro\"><img src=\"wp-content\/uploads\/untitled1.png\">\n\t\t<h3>EINES DE TALL<\/h3>\n\t\t<section class=\"accordion\">\n\t\t<\/span><br \/>\nM\u00e9s de 30 anys fabricant eines de tall en qualitats 1.3243, 1.3247 i ASP2060\u00ae. Fabriquem mides est\u00e0ndar segons norma DIN 4964\u2026<\/p>\n<p style=\"text-align: left;\"><span style=\"text-decoration: underline; color: #808080;\"><a style=\"color: #808080; text-decoration: underline;\" href=\"https:\/\/www.decobis.com\/ca\/eines-de-tall\/?lang=ca\" target=\"_blank\">LLEGIR M\u00c9S<\/a><\/span><\/p>\n\n\t\t<\/section>\n\t\t\n\t\t\n\t\t\n\t\t\n\t\t\t\t\n\n\t\t\t<\/div>\n\t\t\n\n\t\t\t<\/div>\n\t\t\n\n\t\t\t<\/div>\n\t\t\n\n\t\t\t<\/section>\n\t\t\n","protected":false},"excerpt":{"rendered":"","protected":false},"author":1,"featured_media":0,"parent":0,"menu_order":0,"comment_status":"closed","ping_status":"closed","template":"","meta":[],"_links":{"self":[{"href":"https:\/\/www.decobis.com\/ca\/wp-json\/wp\/v2\/pages\/764"}],"collection":[{"href":"https:\/\/www.decobis.com\/ca\/wp-json\/wp\/v2\/pages"}],"about":[{"href":"https:\/\/www.decobis.com\/ca\/wp-json\/wp\/v2\/types\/page"}],"author":[{"embeddable":true,"href":"https:\/\/www.decobis.com\/ca\/wp-json\/wp\/v2\/users\/1"}],"replies":[{"embeddable":true,"href":"https:\/\/www.decobis.com\/ca\/wp-json\/wp\/v2\/comments?post=764"}],"version-history":[{"count":3,"href":"https:\/\/www.decobis.com\/ca\/wp-json\/wp\/v2\/pages\/764\/revisions"}],"predecessor-version":[{"id":823,"href":"https:\/\/www.decobis.com\/ca\/wp-json\/wp\/v2\/pages\/764\/revisions\/823"}],"wp:attachment":[{"href":"https:\/\/www.decobis.com\/ca\/wp-json\/wp\/v2\/media?parent=764"}],"curies":[{"name":"wp","href":"https:\/\/api.w.org\/{rel}","templated":true}]}}