{"id":756,"date":"2015-01-27T12:38:46","date_gmt":"2015-01-27T12:38:46","guid":{"rendered":"http:\/\/www.decobis.com\/?page_id=756"},"modified":"2025-02-20T15:46:48","modified_gmt":"2025-02-20T15:46:48","slug":"home","status":"publish","type":"page","link":"https:\/\/www.decobis.com\/ca\/","title":{"rendered":"Home"},"content":{"rendered":"<div class=\"marbot40\">\n\n\t\t\t<section class=\"page-content\">\n\t\t\t\t\n\n\t\t\t<div class=\"container\">\n\t\t\t\t\n\n\t\t\t<div class=\"row\">\n\t\t\t\t\n\n\t\t\t<div class=\"grid_6\">\n\t\t\t\t\n<span class=\"marro\"><img src=\"http:\/\/www.decobis.com\/wp-content\/uploads\/untitled.png\">\n\t\t<h3>DECOLLETATGE<\/h3>\n\t\t<section class=\"accordion\">\n\t\t<\/span><br \/>\nFabricaci\u00f3 de petites i mitjanes peces de gran precisi\u00f3 en tot tipus de materials de decolletatge com llaut\u00f3, alumini, inoxidables i acers de f\u00e0cil mecanitzaci\u00f3 o al carbono&#8230;<\/p>\n<p style=\"text-align: left;\"><span style=\"text-decoration: underline; color: #808080;\"><a style=\"color: #808080; text-decoration: underline;\" href=\"https:\/\/www.decobis.com\/ca\/decolletatge\/?lang=ca\">LLEGIR M\u00c9S<\/a><\/span><\/p>\n\n\t\t<\/section>\n\t\t\n\t\t\n\t\t\n\t\t\n\t\t\t\t\n\n\t\t\t<\/div>\n\t\t\n\n\t\t\t<div class=\"grid_6\">\n\t\t\t\t\n<span class=\"marro\"><img src=\"http:\/\/www.decobis.com\/wp-content\/uploads\/untitled1.png\">\n\t\t<h3>EINES DE TALL<\/h3>\n\t\t<section class=\"accordion\">\n\t\t<\/span><br \/>\nM\u00e9s de 30 anys fabricant eines de tall en qualitats 1.3243, 1.3247 i ASP2060\u00ae. Fabriquem mides est\u00e0ndar segons norma DIN 4964\u2026<\/p>\n<p style=\"text-align: left;\"><span style=\"text-decoration: underline; color: #808080;\"><a style=\"color: #808080; text-decoration: underline;\" href=\"https:\/\/www.decobis.com\/ca\/eines-de-tall\/?lang=ca\">LLEGIR M\u00c9S<\/a><\/span><\/p>\n\n\t\t<\/section>\n\t\t\n\t\t\n\t\t\n\t\t\n\t\t\t\t\n\n\t\t\t<\/div>\n\t\t\n\n\t\t\t<\/div>\n\t\t\n\n\t\t\t<\/div>\n\t\t\n\n\t\t\t<\/section>\n\t\t\n<\/p><\/div>\n<p>&nbsp;<\/p>\n\n\t\t\t<section class=\"page-content colored\">\n\t\t\t\t\n\n\t\t\t<div class=\"container\">\n\t\t\t\t\n\n\t\t\t<div class=\"row\">\n\t\t\t\t\n\n\t\t\t<div class=\"grid_6\">\n\t\t\t\t\n\n\t\t<div class=\"th_image\">\n\t\t\t<img src=\"http:\/\/www.decobis.com\/wp-content\/uploads\/empresa-decobis.jpg\" alt=\"img\"\/>\n\t\t<\/div>\n\t\t\n\t\t\n\t\t\n\t\t\n\t\t\n\t\t\t\t\n\n\t\t\t<\/div>\n\t\t\n\n\t\t\t<div class=\"grid_6\">\n\t\t\t\t\n&nbsp;<br \/>\n&nbsp;<br \/>\n&nbsp;<br \/>\n&nbsp;<br \/>\n\n\t\t<h3>LA NOSTRA EMPRESA<\/h3>\n\t\t<section class=\"accordion\">\n\t\t\nDecobis S.L. \u00e9s una empresa familiar creada a l\u2019any 1972 dedicada al decolletatge de petites i mitjanes s\u00e8ries de peces d\u2019alta qualitat i alt valor afegit. Mecanitzem peces des de 2 a 40 mm de di\u00e0metre en tot tipus de material.<br \/>\n&nbsp;<br \/>\nEl nostre objectiu \u00e9s la satisfacci\u00f3 dels nostres clients mitjan\u00e7ant la qualitat i el servei, en col.laboraci\u00f3 de l\u2019estudi i desenvolupament de les seves peces. Per assolir-ho, disposem d\u2019un equip hum\u00e0 molt professional, una tecnolog\u00eda d\u2019alt nivell i l\u2019experi\u00e8ncia de dues generacions dedicades a l\u2019empresa.<br \/>\n\n\t\t<\/section>\n\t\t\n\t\t\n\t\t\n\t\t\n\t\t\t\t\n\n\t\t\t<\/div>\n\t\t\n\n\t\t\t<\/div>\n\t\t\n\n\t\t\t<\/div>\n\t\t\n\n\t\t\t<\/section>\n\t\t\n&nbsp;<\/p>\n\n\t\t\t<section class=\"page-content\">\n\t\t\t\t\n\n\t\t\t<div class=\"container\">\n\t\t\t\t\n\n\t\t\t<div class=\"row\">\n\t\t\t\t\n\n\t\t\n\t\t\n\t\t\n\t\t\n\t\t<div class=\"heading-centered\">\n\t\t\n\t\t<h3>TECNOLOGIA<\/h3>\n\t\t<p>\nComercialitzem eines de plaquetes de metall dur soldades, segons normes ISO en totes les games de mesures i qualitats.<br \/>\n<\/p>\n\t\t<\/div>\n\t\t\n\t\t\n\t\t\n\t\t\n\t\t\n\t\t\t\t\n<article class=\"grid_3 isotope-item\"><figure class=\"portfolio-style-2\"><div class=\"portfolio-img\"><a href=\"#\"><img src=\"https:\/\/www.decobis.com\/wp-content\/uploads\/fijo-thumb.jpg\"\/><\/a><div class=\"portfolio-img-hover\"><div class=\"mask\"><\/div><ul><li class=\"portfolio-zoom\"><a href=\"https:\/\/www.decobis.com\/wp-content\/uploads\/fijo-thumb.jpg\" data-gal=\"prettyPhoto[pp_gallery]\" class=\"icon-search\"><\/a><\/li><li class=\"portfolio-single\"><a class=\"icon-link\" href=\"https:\/\/www.decobis.com\/ca\/portfolio\/torns-de-capcal-fix\/\" ><\/a><\/li><\/ul><\/div><\/div><figcaption><a class=\"title\" href=\"https:\/\/www.decobis.com\/ca\/portfolio\/torns-de-capcal-fix\/\">Torns de cap\u00e7al fix<\/a><span class=\"subtitle\"><\/span><\/figcaption><\/figure><\/article><article class=\"grid_3 isotope-item\"><figure class=\"portfolio-style-2\"><div class=\"portfolio-img\"><a href=\"#\"><img src=\"https:\/\/www.decobis.com\/wp-content\/uploads\/movil-thumb.jpg\"\/><\/a><div class=\"portfolio-img-hover\"><div class=\"mask\"><\/div><ul><li class=\"portfolio-zoom\"><a href=\"https:\/\/www.decobis.com\/wp-content\/uploads\/movil-thumb.jpg\" data-gal=\"prettyPhoto[pp_gallery]\" class=\"icon-search\"><\/a><\/li><li class=\"portfolio-single\"><a class=\"icon-link\" href=\"https:\/\/www.decobis.com\/ca\/portfolio\/torns-de-capcal-mobil\/\" ><\/a><\/li><\/ul><\/div><\/div><figcaption><a class=\"title\" href=\"https:\/\/www.decobis.com\/ca\/portfolio\/torns-de-capcal-mobil\/\">Torns de cap\u00e7al m\u00f2bil<\/a><span class=\"subtitle\"><\/span><\/figcaption><\/figure><\/article><article class=\"grid_3 isotope-item\"><figure class=\"portfolio-style-2\"><div class=\"portfolio-img\"><a href=\"#\"><img src=\"https:\/\/www.decobis.com\/wp-content\/uploads\/maquinaria-thumb.jpg\"\/><\/a><div class=\"portfolio-img-hover\"><div class=\"mask\"><\/div><ul><li class=\"portfolio-zoom\"><a href=\"https:\/\/www.decobis.com\/wp-content\/uploads\/maquinaria-thumb.jpg\" data-gal=\"prettyPhoto[pp_gallery]\" class=\"icon-search\"><\/a><\/li><li class=\"portfolio-single\"><a class=\"icon-link\" href=\"https:\/\/www.decobis.com\/ca\/portfolio\/maquinari\/\" ><\/a><\/li><\/ul><\/div><\/div><figcaption><a class=\"title\" href=\"https:\/\/www.decobis.com\/ca\/portfolio\/maquinari\/\">Maquin\u00e0ria<\/a><span class=\"subtitle\"><\/span><\/figcaption><\/figure><\/article>\n\n\t\t\t<\/div>\n\t\t\n\n\t\t\t<\/div>\n\t\t\n\n\t\t\t<\/section>\n\t\t\n","protected":false},"excerpt":{"rendered":"<p>&nbsp; &nbsp;<\/p>\n","protected":false},"author":1,"featured_media":0,"parent":0,"menu_order":0,"comment_status":"open","ping_status":"closed","template":"home-main.php","meta":[],"_links":{"self":[{"href":"https:\/\/www.decobis.com\/ca\/wp-json\/wp\/v2\/pages\/756"}],"collection":[{"href":"https:\/\/www.decobis.com\/ca\/wp-json\/wp\/v2\/pages"}],"about":[{"href":"https:\/\/www.decobis.com\/ca\/wp-json\/wp\/v2\/types\/page"}],"author":[{"embeddable":true,"href":"https:\/\/www.decobis.com\/ca\/wp-json\/wp\/v2\/users\/1"}],"replies":[{"embeddable":true,"href":"https:\/\/www.decobis.com\/ca\/wp-json\/wp\/v2\/comments?post=756"}],"version-history":[{"count":11,"href":"https:\/\/www.decobis.com\/ca\/wp-json\/wp\/v2\/pages\/756\/revisions"}],"predecessor-version":[{"id":1455,"href":"https:\/\/www.decobis.com\/ca\/wp-json\/wp\/v2\/pages\/756\/revisions\/1455"}],"wp:attachment":[{"href":"https:\/\/www.decobis.com\/ca\/wp-json\/wp\/v2\/media?parent=756"}],"curies":[{"name":"wp","href":"https:\/\/api.w.org\/{rel}","templated":true}]}}